{"id":13,"date":"2011-03-13T17:39:33","date_gmt":"2011-03-13T15:39:33","guid":{"rendered":"http:\/\/b00t.org\/seikkailut\/?page_id=13"},"modified":"2022-01-25T15:15:10","modified_gmt":"2022-01-25T13:15:10","slug":"tietoa","status":"publish","type":"page","link":"https:\/\/b00t.org\/seikkailut\/tietoa\/","title":{"rendered":"Tietoa"},"content":{"rendered":"<p>b00tissa urheilevat perustajaj\u00e4senet LarZ ja Petteri sek\u00e4 my\u00f6hemmin mukaan tulleet Jani, Teemu ja Lauri A. Ajoittain joukossa vierailee my\u00f6s tukiurheilijoita. Lajien kirjo on moninainen: suunnistus, maastopy\u00f6r\u00e4ily, maantiepy\u00f6r\u00e4ily, kest\u00e4vyysjuoksu, seikkailu-urheilu ja umpihankihiihto.<\/p>\n<p>b00tin juuret l\u00f6ytyv\u00e4t syv\u00e4lt\u00e4 bittiavaruudesta ja vanhoja saavutuksia <del>p\u00e4\u00e4see tiirailemaan <a href=\"https:\/\/web.archive.org\/web\/20110812112359\/http:\/\/clanbase.ggl.com\/claninfo.php?cid=412373\">clanbasesta<\/a><\/del>. Ei p\u00e4\u00e4se en\u00e4\u00e4 sill\u00e4 cb on painunut <a href=\"http:\/\/clanbase.org\">manan majoille<\/a>... Saavutukset liittyv\u00e4t vahvasti <a href=\"http:\/\/fi.wikipedia.org\/wiki\/Counter-Strike\">Counter-Strikeen<\/a> ja sen 1.6-versioon.<\/p>\n\n\n<p><\/p>\n","protected":false},"excerpt":{"rendered":"<p>b00tissa urheilevat perustajaj\u00e4senet LarZ ja Petteri sek\u00e4 my\u00f6hemmin mukaan tulleet Jani, Teemu ja Lauri A. Ajoittain joukossa vierailee my\u00f6s tukiurheilijoita. Lajien kirjo on moninainen: suunnistus, maastopy\u00f6r\u00e4ily, maantiepy\u00f6r\u00e4ily, kest\u00e4vyysjuoksu, seikkailu-urheilu ja umpihankihiihto. b00tin juuret l\u00f6ytyv\u00e4t syv\u00e4lt\u00e4 bittiavaruudesta ja vanhoja saavutuksia p\u00e4\u00e4see tiirailemaan clanbasesta. Ei p\u00e4\u00e4se en\u00e4\u00e4 sill\u00e4 cb on painunut manan majoille&#8230; Saavutukset liittyv\u00e4t vahvasti Counter-Strikeen [&hellip;]<\/p>\n","protected":false},"author":1,"featured_media":0,"parent":0,"menu_order":0,"comment_status":"open","ping_status":"open","template":"","meta":{"footnotes":""},"class_list":["post-13","page","type-page","status-publish","hentry"],"jetpack_shortlink":"https:\/\/wp.me\/P2Fz8k-d","jetpack_sharing_enabled":true,"_links":{"self":[{"href":"https:\/\/b00t.org\/seikkailut\/wp-json\/wp\/v2\/pages\/13","targetHints":{"allow":["GET"]}}],"collection":[{"href":"https:\/\/b00t.org\/seikkailut\/wp-json\/wp\/v2\/pages"}],"about":[{"href":"https:\/\/b00t.org\/seikkailut\/wp-json\/wp\/v2\/types\/page"}],"author":[{"embeddable":true,"href":"https:\/\/b00t.org\/seikkailut\/wp-json\/wp\/v2\/users\/1"}],"replies":[{"embeddable":true,"href":"https:\/\/b00t.org\/seikkailut\/wp-json\/wp\/v2\/comments?post=13"}],"version-history":[{"count":10,"href":"https:\/\/b00t.org\/seikkailut\/wp-json\/wp\/v2\/pages\/13\/revisions"}],"predecessor-version":[{"id":1808,"href":"https:\/\/b00t.org\/seikkailut\/wp-json\/wp\/v2\/pages\/13\/revisions\/1808"}],"wp:attachment":[{"href":"https:\/\/b00t.org\/seikkailut\/wp-json\/wp\/v2\/media?parent=13"}],"curies":[{"name":"wp","href":"https:\/\/api.w.org\/{rel}","templated":true}]}}